{"id":9,"date":"2024-05-05T13:23:34","date_gmt":"2024-05-05T11:23:34","guid":{"rendered":"https:\/\/clerewww.hauzgur.org\/?page_id=9"},"modified":"2024-08-02T11:15:32","modified_gmt":"2024-08-02T09:15:32","slug":"taris-et-horaires","status":"publish","type":"page","link":"https:\/\/clerewww.hauzgur.org\/?page_id=9","title":{"rendered":"Tarifs"},"content":{"rendered":"\n<p><strong>Tarifs 2024&nbsp;<\/strong><\/p>\n\n\n\n<p><strong>.:&nbsp;<em>Ouverture aux vacanciers pendant la saison estivale<\/em>&nbsp;:.<\/strong><\/p>\n\n\n\n<figure class=\"wp-block-table\"><table><tbody><tr><td class=\"has-text-align-left\" data-align=\"left\" colspan=\"2\"><strong><mark style=\"background-color:rgba(0, 0, 0, 0)\" class=\"has-inline-color has-vivid-cyan-blue-color\">&nbsp;Tarifs Journ\u00e9e Loisir<\/mark><\/strong><\/td><\/tr><tr><td class=\"has-text-align-left\" data-align=\"left\"><strong>Personne seule<\/strong><\/td><td>&nbsp;12,00 \u20ac<\/td><\/tr><tr><td class=\"has-text-align-left\" data-align=\"left\"><strong>Enfant entre 8 et 15 ans<\/strong><\/td><td>&nbsp;6,00 \u20ac<\/td><\/tr><tr><td class=\"has-text-align-left\" data-align=\"left\"><strong>Enfant de moins de 8 ans<\/strong><\/td><td>&nbsp;Gratuit<\/td><\/tr><\/tbody><\/table><\/figure>\n\n\n\n<p>Une premi\u00e8re&nbsp;<strong>journ\u00e9e<\/strong>&nbsp;\u00ab\u00a0d&rsquo;<strong>initiation \u00e0 la pratique du Naturisme<\/strong>\u00a0\u00bb (nuit\u00e9e non incluse) est possible, elle est&nbsp;<strong>gratuite<\/strong><\/p>\n\n\n\n<figure class=\"wp-block-table\"><table><tbody><tr><td colspan=\"2\"><strong><mark style=\"background-color:rgba(0, 0, 0, 0)\" class=\"has-inline-color has-vivid-cyan-blue-color\">Tarifs Camping Vacanciers (Par nuit\u00e9e)<br><\/mark><\/strong><em>Frais de r\u00e9servation gratuit<\/em><\/td><\/tr><tr><td><strong>Emplacement pour 1 ou 2 personnes<\/strong><\/td><td>\u00a026,00 \u20ac<\/td><\/tr><tr><td><strong>\u00c9lectricit\u00e9<\/strong><\/td><td>\u00a06,00 \u20ac<\/td><\/tr><tr><td><strong>Frais de R\u00e9servation Emplacement Camping<\/strong><\/td><td>&nbsp;Gratuit<\/td><\/tr><tr><td><strong>Taxe de s\u00e9jour par visiteur de plus 18 ans&nbsp;<\/strong>(revers\u00e9 int\u00e9gralement \u00e0 la Communaut\u00e9 de Communes Touraine Ouest Val de Loire)<strong><\/strong><\/td><td>&nbsp;Selon tarif en vigueur<\/td><\/tr><tr><td><strong>Animaux (carnet de sant\u00e9 obligatoire)<br><\/strong>(limit\u00e9 \u00e0 1, tenus en laisse et confin\u00e9s sur la parcelle)<\/td><td>\u00a05,00 \u20ac<\/td><\/tr><tr><td><em><strong>Garage mort pour absence provisoire<br><\/strong>(en gardant la parcelle, mais \u00e9lectricit\u00e9 non comprise)<\/em><\/td><td><em>\u00a05,00 \u20ac<\/em><\/td><\/tr><tr><td colspan=\"2\">&nbsp;<strong>Personne suppl\u00e9mentaire:<\/strong><\/td><\/tr><tr><td><strong>Adulte&nbsp;<\/strong>(et + de 15 ans)<\/td><td>\u00a010,00 \u20ac<\/td><\/tr><tr><td><strong>de 6 \u00e0 15 ans:<\/strong><\/td><td>\u00a06,00 \u20ac<\/td><\/tr><tr><td><strong>jusqu&rsquo;\u00e0 6 ans:<\/strong><\/td><td>&nbsp;Gratuit<\/td><\/tr><tr><td colspan=\"2\"><strong>Location de Chambres (Tarif \u00e0 la nuit\u00e9e):&nbsp;<\/strong><br>(lit 2 personnes, draps et taies non fournis)<\/td><\/tr><tr><td><strong>Chambre \u00ab Pic \u00e9peiche \u00bb ou \u00ab M\u00e9sange \u00bb<br><\/strong>(non adapt\u00e9 aux personnes en fauteuil roulant)<\/td><td>\u00a032,00 \u20ac<br>(\u00c9lectricit\u00e9 comprise)<\/td><\/tr><tr><td><strong>Chambre \u00ab Ecureuil \u00bb<br><\/strong>(adapt\u00e9 aux personnes en fauteuil roulant)<\/td><td>\u00a037,00 \u20ac<br>(\u00c9lectricit\u00e9 comprise)<\/td><\/tr><tr><td><strong>Acompte sur r\u00e9servation<\/strong><\/td><td>&nbsp;20 \u20ac&nbsp;<\/td><\/tr><\/tbody><\/table><\/figure>\n\n\n\n<p><mark style=\"background-color:rgba(0, 0, 0, 0)\" class=\"has-inline-color has-vivid-red-color\"><strong>Une nuit\u00e9e offerte aux vacanciers pr\u00e9sents au del\u00e0 de deux semaines cons\u00e9cutives<\/strong><\/mark><\/p>\n\n\n\n<p><strong><em>Nous acceptons les ch\u00e8ques vacances<\/em><\/strong><\/p>\n","protected":false},"excerpt":{"rendered":"<p>Tarifs 2024&nbsp; .:&nbsp;Ouverture aux vacanciers pendant la saison estivale&nbsp;:. &nbsp;Tarifs Journ\u00e9e Loisir Personne seule &nbsp;12,00 \u20ac Enfant entre 8 et 15 ans &nbsp;6,00 \u20ac Enfant de moins de 8 ans &hellip; <\/p>\n<p class=\"link-more\"><a href=\"https:\/\/clerewww.hauzgur.org\/?page_id=9\" class=\"more-link\">Continuer la lecture<span class=\"screen-reader-text\"> de &laquo;&nbsp;Tarifs&nbsp;&raquo;<\/span><\/a><\/p>\n","protected":false},"author":1,"featured_media":0,"parent":0,"menu_order":0,"comment_status":"closed","ping_status":"closed","template":"","meta":{"_EventAllDay":false,"_EventTimezone":"","_EventStartDate":"","_EventEndDate":"","_EventStartDateUTC":"","_EventEndDateUTC":"","_EventShowMap":false,"_EventShowMapLink":false,"_EventURL":"","_EventCost":"","_EventCostDescription":"","_EventCurrencySymbol":"","_EventCurrencyCode":"","_EventCurrencyPosition":"","_EventDateTimeSeparator":"","_EventTimeRangeSeparator":"","_EventOrganizerID":[],"_EventVenueID":[],"_OrganizerEmail":"","_OrganizerPhone":"","_OrganizerWebsite":"","_VenueAddress":"","_VenueCity":"","_VenueCountry":"","_VenueProvince":"","_VenueState":"","_VenueZip":"","_VenuePhone":"","_VenueURL":"","_VenueStateProvince":"","_VenueLat":"","_VenueLng":"","_VenueShowMap":false,"_VenueShowMapLink":false,"footnotes":""},"class_list":["post-9","page","type-page","status-publish","hentry"],"_links":{"self":[{"href":"https:\/\/clerewww.hauzgur.org\/index.php?rest_route=\/wp\/v2\/pages\/9","targetHints":{"allow":["GET"]}}],"collection":[{"href":"https:\/\/clerewww.hauzgur.org\/index.php?rest_route=\/wp\/v2\/pages"}],"about":[{"href":"https:\/\/clerewww.hauzgur.org\/index.php?rest_route=\/wp\/v2\/types\/page"}],"author":[{"embeddable":true,"href":"https:\/\/clerewww.hauzgur.org\/index.php?rest_route=\/wp\/v2\/users\/1"}],"replies":[{"embeddable":true,"href":"https:\/\/clerewww.hauzgur.org\/index.php?rest_route=%2Fwp%2Fv2%2Fcomments&post=9"}],"version-history":[{"count":5,"href":"https:\/\/clerewww.hauzgur.org\/index.php?rest_route=\/wp\/v2\/pages\/9\/revisions"}],"predecessor-version":[{"id":381,"href":"https:\/\/clerewww.hauzgur.org\/index.php?rest_route=\/wp\/v2\/pages\/9\/revisions\/381"}],"wp:attachment":[{"href":"https:\/\/clerewww.hauzgur.org\/index.php?rest_route=%2Fwp%2Fv2%2Fmedia&parent=9"}],"curies":[{"name":"wp","href":"https:\/\/api.w.org\/{rel}","templated":true}]}}