{"id":84,"date":"2024-05-05T16:33:47","date_gmt":"2024-05-05T14:33:47","guid":{"rendered":"https:\/\/clerewww.hauzgur.org\/?page_id=84"},"modified":"2024-05-06T10:22:57","modified_gmt":"2024-05-06T08:22:57","slug":"la-route-des-vins","status":"publish","type":"page","link":"https:\/\/clerewww.hauzgur.org\/?page_id=84","title":{"rendered":"La Route des Vins"},"content":{"rendered":"\n<p>La Touraine, pays du vin, produit des vins rouges, blancs, ros\u00e9s ou champagnis\u00e9s.<\/p>\n\n\n\n<p>L&rsquo;histoire des vins de touraine remonterait \u00e0 l&rsquo;\u00e9poque de Saint-Martin (380). Alors que s&rsquo;entamait la construction du monast\u00e8re de Marmoutier (\u00e0 l&rsquo;entr\u00e9e de Tours en venant de Blois), le Grand Saint aurait fait planter de la vigne sur les coteaux de Vouvray.<br><br>Le&nbsp;<strong>vignoble tourangeau<\/strong>&nbsp;couvre une superficie d&rsquo;environ&nbsp;<strong>15 000 hectares<\/strong>&nbsp;\u00ab\u00a0<em>\u00e0 cheval<\/em>\u00a0\u00bb sur les d\u00e9partements de l&rsquo;I<strong>ndre-et-Loire&nbsp;<\/strong>et du<strong>&nbsp;Loir-et-Cher<\/strong>, pour une production moyenne de&nbsp;<strong>750&nbsp;000 hectolitres<\/strong>.<\/p>\n\n\n\n<p><strong>Les vignobles d&rsquo;appellation d&rsquo;origine contr\u00f4l\u00e9e des vins de Touraine :<\/strong><\/p>\n\n\n\n<p>Bourgueil, Touraine Amboise, Chinon, Touraine Azay-le-Rideau, Cr\u00e9mant de Loire ,Touraine Mesland, Montlouis, Touraine, Ros\u00e9 de Loire, Vouvray, Saint Nicolas de Bourgueil&nbsp;<\/p>\n\n\n\n<p>Suivez la Route Touristiques des Vignobles et rencontrez les viticulteurs de Touraine, ils sauront vous parler des vins et vous faire appr\u00e9hender leur ar\u00f4me en toute convivialit\u00e9.&nbsp;<\/p>\n\n\n\n<p>Tout connaitre sur la route des vins:<strong><em>&nbsp;<\/em><a target=\"_blank\" href=\"http:\/\/www.vinsvaldeloire.fr\/\" rel=\"noreferrer noopener\">www.vinsvaldeloire.fr<\/a><\/strong><\/p>\n\n\n\n<figure class=\"wp-block-image size-full\"><img loading=\"lazy\" decoding=\"async\" width=\"600\" height=\"402\" src=\"https:\/\/clerewww.hauzgur.org\/wp-content\/uploads\/2024\/05\/carte_vdl_gd.jpg\" alt=\"\" class=\"wp-image-192\" srcset=\"https:\/\/clerewww.hauzgur.org\/wp-content\/uploads\/2024\/05\/carte_vdl_gd.jpg 600w, https:\/\/clerewww.hauzgur.org\/wp-content\/uploads\/2024\/05\/carte_vdl_gd-300x201.jpg 300w\" sizes=\"auto, (max-width: 600px) 100vw, 600px\" \/><\/figure>\n","protected":false},"excerpt":{"rendered":"<p>La Touraine, pays du vin, produit des vins rouges, blancs, ros\u00e9s ou champagnis\u00e9s. L&rsquo;histoire des vins de touraine remonterait \u00e0 l&rsquo;\u00e9poque de Saint-Martin (380). Alors que s&rsquo;entamait la construction du &hellip; <\/p>\n<p class=\"link-more\"><a href=\"https:\/\/clerewww.hauzgur.org\/?page_id=84\" class=\"more-link\">Continuer la lecture<span class=\"screen-reader-text\"> de &laquo;&nbsp;La Route des Vins&nbsp;&raquo;<\/span><\/a><\/p>\n","protected":false},"author":1,"featured_media":0,"parent":0,"menu_order":0,"comment_status":"closed","ping_status":"closed","template":"","meta":{"_EventAllDay":false,"_EventTimezone":"","_EventStartDate":"","_EventEndDate":"","_EventStartDateUTC":"","_EventEndDateUTC":"","_EventShowMap":false,"_EventShowMapLink":false,"_EventURL":"","_EventCost":"","_EventCostDescription":"","_EventCurrencySymbol":"","_EventCurrencyCode":"","_EventCurrencyPosition":"","_EventDateTimeSeparator":"","_EventTimeRangeSeparator":"","_EventOrganizerID":[],"_EventVenueID":[],"_OrganizerEmail":"","_OrganizerPhone":"","_OrganizerWebsite":"","_VenueAddress":"","_VenueCity":"","_VenueCountry":"","_VenueProvince":"","_VenueState":"","_VenueZip":"","_VenuePhone":"","_VenueURL":"","_VenueStateProvince":"","_VenueLat":"","_VenueLng":"","_VenueShowMap":false,"_VenueShowMapLink":false,"footnotes":""},"class_list":["post-84","page","type-page","status-publish","hentry"],"_links":{"self":[{"href":"https:\/\/clerewww.hauzgur.org\/index.php?rest_route=\/wp\/v2\/pages\/84","targetHints":{"allow":["GET"]}}],"collection":[{"href":"https:\/\/clerewww.hauzgur.org\/index.php?rest_route=\/wp\/v2\/pages"}],"about":[{"href":"https:\/\/clerewww.hauzgur.org\/index.php?rest_route=\/wp\/v2\/types\/page"}],"author":[{"embeddable":true,"href":"https:\/\/clerewww.hauzgur.org\/index.php?rest_route=\/wp\/v2\/users\/1"}],"replies":[{"embeddable":true,"href":"https:\/\/clerewww.hauzgur.org\/index.php?rest_route=%2Fwp%2Fv2%2Fcomments&post=84"}],"version-history":[{"count":3,"href":"https:\/\/clerewww.hauzgur.org\/index.php?rest_route=\/wp\/v2\/pages\/84\/revisions"}],"predecessor-version":[{"id":193,"href":"https:\/\/clerewww.hauzgur.org\/index.php?rest_route=\/wp\/v2\/pages\/84\/revisions\/193"}],"wp:attachment":[{"href":"https:\/\/clerewww.hauzgur.org\/index.php?rest_route=%2Fwp%2Fv2%2Fmedia&parent=84"}],"curies":[{"name":"wp","href":"https:\/\/api.w.org\/{rel}","templated":true}]}}