{"id":82,"date":"2024-05-05T16:33:32","date_gmt":"2024-05-05T14:33:32","guid":{"rendered":"https:\/\/clerewww.hauzgur.org\/?page_id=82"},"modified":"2024-05-06T10:31:43","modified_gmt":"2024-05-06T08:31:43","slug":"les-marches","status":"publish","type":"page","link":"https:\/\/clerewww.hauzgur.org\/?page_id=82","title":{"rendered":"Les March\u00e9s"},"content":{"rendered":"\n<figure class=\"wp-block-table is-style-regular\"><table><tbody><tr><td><strong>\u00a0<mark style=\"background-color:rgba(0, 0, 0, 0)\" class=\"has-inline-color has-vivid-cyan-blue-color\">Jours<\/mark><\/strong><\/td><td><strong>\u00a0<mark style=\"background-color:rgba(0, 0, 0, 0)\" class=\"has-inline-color has-vivid-cyan-blue-color\">Ville<\/mark><\/strong><\/td><td><strong><mark style=\"background-color:rgba(0, 0, 0, 0)\" class=\"has-inline-color has-vivid-cyan-blue-color\">\u00a0Horaires et lieux<\/mark><\/strong><\/td><\/tr><tr><td>&nbsp;<strong>Mardi<\/strong><\/td><td>&nbsp;Tours<\/td><td>&nbsp;Bd Heurteloup de 8h \u00e0 13h<\/td><\/tr><tr><td><strong>&nbsp;Mercredi<\/strong><\/td><td>&nbsp;Tours<\/td><td>&nbsp;Bd B\u00e9ranger de 8h \u00e0 19h (March\u00e9 aux Fleurs)<\/td><\/tr><tr><td>&nbsp;<\/td><td>&nbsp;Savign\u00e9-sur-Lathan<\/td><td>&nbsp;de 9h \u00e0 13h<\/td><\/tr><tr><td><strong>&nbsp;Jeudi<\/strong><\/td><td>&nbsp;Tours<\/td><td>&nbsp;Pl. de la Victoire de 7h \u00e0 17h<\/td><\/tr><tr><td><strong>Vendredi<\/strong><\/td><td>&nbsp;Ballan-Mir\u00e9<\/td><td>&nbsp;Place du 11 Novembre<\/td><\/tr><tr><td>&nbsp;<strong>Samedi<\/strong><\/td><td>&nbsp;Tours<\/td><td>&nbsp;Bd B\u00e9ranger de 8h \u00e0 19h (dont March\u00e9 aux Fleurs)<\/td><\/tr><tr><td>&nbsp;<\/td><td>&nbsp;Luynes<\/td><td>&nbsp;Sous les Halles de 7h30 \u00e0 13h<\/td><\/tr><tr><td><strong>&nbsp;Dimanche<\/strong><\/td><td>&nbsp;Langeais<\/td><td>&nbsp;Pl. de l&rsquo;Europe de 8h30 \u00e0 13h<\/td><\/tr><tr><td>&nbsp;<\/td><td>&nbsp;Ballan-Mir\u00e9<\/td><td>&nbsp;Place du 11 Novembre<\/td><\/tr><\/tbody><\/table><\/figure>\n\n\n\n<p><\/p>\n\n\n\n<p><a href=\"https:\/\/www.touraineloirevalley.com\/decouvrir\/jardin-de-la-france\/touraine-marches-produits-locaux\/\" target=\"_blank\" rel=\"noreferrer noopener nofollow\">Les march\u00e9 et produits locaux<\/a><\/p>\n\n\n\n<p><a href=\"https:\/\/www.tours.fr\/page-portail-ma-mairie\/services-pratiques\/activite-commerciale\/marches\/\">Les march\u00e9s de Tours<\/a><\/p>\n","protected":false},"excerpt":{"rendered":"<p>\u00a0Jours \u00a0Ville \u00a0Horaires et lieux &nbsp;Mardi &nbsp;Tours &nbsp;Bd Heurteloup de 8h \u00e0 13h &nbsp;Mercredi &nbsp;Tours &nbsp;Bd B\u00e9ranger de 8h \u00e0 19h (March\u00e9 aux Fleurs) &nbsp; &nbsp;Savign\u00e9-sur-Lathan &nbsp;de 9h \u00e0 13h &hellip; <\/p>\n<p class=\"link-more\"><a href=\"https:\/\/clerewww.hauzgur.org\/?page_id=82\" class=\"more-link\">Continuer la lecture<span class=\"screen-reader-text\"> de &laquo;&nbsp;Les March\u00e9s&nbsp;&raquo;<\/span><\/a><\/p>\n","protected":false},"author":1,"featured_media":0,"parent":0,"menu_order":0,"comment_status":"closed","ping_status":"closed","template":"","meta":{"_EventAllDay":false,"_EventTimezone":"","_EventStartDate":"","_EventEndDate":"","_EventStartDateUTC":"","_EventEndDateUTC":"","_EventShowMap":false,"_EventShowMapLink":false,"_EventURL":"","_EventCost":"","_EventCostDescription":"","_EventCurrencySymbol":"","_EventCurrencyCode":"","_EventCurrencyPosition":"","_EventDateTimeSeparator":"","_EventTimeRangeSeparator":"","_EventOrganizerID":[],"_EventVenueID":[],"_OrganizerEmail":"","_OrganizerPhone":"","_OrganizerWebsite":"","_VenueAddress":"","_VenueCity":"","_VenueCountry":"","_VenueProvince":"","_VenueState":"","_VenueZip":"","_VenuePhone":"","_VenueURL":"","_VenueStateProvince":"","_VenueLat":"","_VenueLng":"","_VenueShowMap":false,"_VenueShowMapLink":false,"footnotes":""},"class_list":["post-82","page","type-page","status-publish","hentry"],"_links":{"self":[{"href":"https:\/\/clerewww.hauzgur.org\/index.php?rest_route=\/wp\/v2\/pages\/82","targetHints":{"allow":["GET"]}}],"collection":[{"href":"https:\/\/clerewww.hauzgur.org\/index.php?rest_route=\/wp\/v2\/pages"}],"about":[{"href":"https:\/\/clerewww.hauzgur.org\/index.php?rest_route=\/wp\/v2\/types\/page"}],"author":[{"embeddable":true,"href":"https:\/\/clerewww.hauzgur.org\/index.php?rest_route=\/wp\/v2\/users\/1"}],"replies":[{"embeddable":true,"href":"https:\/\/clerewww.hauzgur.org\/index.php?rest_route=%2Fwp%2Fv2%2Fcomments&post=82"}],"version-history":[{"count":4,"href":"https:\/\/clerewww.hauzgur.org\/index.php?rest_route=\/wp\/v2\/pages\/82\/revisions"}],"predecessor-version":[{"id":196,"href":"https:\/\/clerewww.hauzgur.org\/index.php?rest_route=\/wp\/v2\/pages\/82\/revisions\/196"}],"wp:attachment":[{"href":"https:\/\/clerewww.hauzgur.org\/index.php?rest_route=%2Fwp%2Fv2%2Fmedia&parent=82"}],"curies":[{"name":"wp","href":"https:\/\/api.w.org\/{rel}","templated":true}]}}