{"id":80,"date":"2024-05-05T16:33:16","date_gmt":"2024-05-05T14:33:16","guid":{"rendered":"https:\/\/clerewww.hauzgur.org\/?page_id=80"},"modified":"2024-05-11T14:27:45","modified_gmt":"2024-05-11T12:27:45","slug":"la-ville-de-tours","status":"publish","type":"page","link":"https:\/\/clerewww.hauzgur.org\/?page_id=80","title":{"rendered":"La Ville de Tours"},"content":{"rendered":"\n<p><em><strong>Ville d&rsquo;Art et d&rsquo;Histoire<\/strong>, ancienne cit\u00e9 Gallo-Romaine, puis capitale du royaume de France, Tours b\u00e9n\u00e9ficie d&rsquo;une situation exceptionnelle au centre de la c\u00e9l\u00e8bre Vall\u00e9e de la Loire (class\u00e9e&nbsp;<strong><a target=\"_blank\" href=\"http:\/\/whc.unesco.org\/pg.cfm?cid=31&amp;id_site=933\" rel=\"noreferrer noopener\">Patrimoine Mondial Unesco<\/a><\/strong>), au coeur du Jardin de la France.<\/em><\/p>\n\n\n\n<p><br><strong>Histoire de ville:<\/strong>&nbsp;Les Turons habitaient la m\u00e9tropole gallo-romaine qui s&rsquo;appelait \u00e0 l&rsquo;\u00e9poque la colline de C\u00e9sar au 1er si\u00e8cle de notre \u00e8re. Tours devient ensuite haut-lieu de la chr\u00e9tient\u00e9 : Saint-Martin, sera Ev\u00eaque de Tours en 372 et apr\u00e8s sa mort son tombeau deviendra un p\u00e8lerinage fr\u00e9quent\u00e9. La cit\u00e9, tout en restant un centre religieux important, conna\u00eetra un essor intellectuel et artistique (avec Alcuin par exemple). Gr\u00e2ce \u00e0 sa prosp\u00e9rit\u00e9 \u00e9conomique, et \u00e0 son renom, Tours s&rsquo;est dot\u00e9e d&rsquo;un patrimoine architectural de premier plan, pour notre plus grand bonheur.<\/p>\n\n\n\n<p><em><br><strong>Ville royale, capitale de la Touraine<\/strong>, porte sur le Val de Loire, point de d\u00e9part pour la visite des ch\u00e2teaux, Tours offre de multiples richesses..<\/em><\/p>\n\n\n\n<figure class=\"wp-block-table\"><table><tbody><tr><td>La cath\u00e9drale<br><img decoding=\"async\" src=\"https:\/\/clerewww.hauzgur.org\/wp-content\/uploads\/2024\/05\/Cathedrale.jpg\" alt=\"\"><\/td><td>L&rsquo;h\u00f4tel de Ville <br><img decoding=\"async\" src=\"https:\/\/clerewww.hauzgur.org\/wp-content\/uploads\/2024\/05\/Hotel-de-ville.jpg\" alt=\"\"><br><\/td><td class=\"has-text-align-center\" data-align=\"center\">Le Pont Wilson<br><img decoding=\"async\" src=\"https:\/\/clerewww.hauzgur.org\/wp-content\/uploads\/2024\/05\/Pont-Wilson.jpg\" alt=\"\"><\/td><\/tr><\/tbody><\/table><\/figure>\n\n\n\n<p><\/p>\n\n\n\n<figure class=\"wp-block-table\"><table><tbody><tr><td class=\"has-text-align-right\" data-align=\"right\"><img decoding=\"async\" src=\"https:\/\/clerewww.hauzgur.org\/wp-content\/uploads\/2024\/05\/plan-de-tours.jpg\" alt=\"\"><\/td><td>Pour&nbsp;<strong>t\u00e9l\u00e9charger<\/strong> le&nbsp;<strong>plan de Tours<\/strong> au format PDF<br><strong><a href=\"http:\/\/cstouraine.fr\/plana4tours.pdf\" target=\"_blank\" rel=\"noreferrer noopener\">Cliquez-ici<\/a><\/strong><\/td><\/tr><\/tbody><\/table><\/figure>\n","protected":false},"excerpt":{"rendered":"<p>Ville d&rsquo;Art et d&rsquo;Histoire, ancienne cit\u00e9 Gallo-Romaine, puis capitale du royaume de France, Tours b\u00e9n\u00e9ficie d&rsquo;une situation exceptionnelle au centre de la c\u00e9l\u00e8bre Vall\u00e9e de la Loire (class\u00e9e&nbsp;Patrimoine Mondial Unesco), &hellip; <\/p>\n<p class=\"link-more\"><a href=\"https:\/\/clerewww.hauzgur.org\/?page_id=80\" class=\"more-link\">Continuer la lecture<span class=\"screen-reader-text\"> de &laquo;&nbsp;La Ville de Tours&nbsp;&raquo;<\/span><\/a><\/p>\n","protected":false},"author":1,"featured_media":0,"parent":0,"menu_order":0,"comment_status":"closed","ping_status":"closed","template":"","meta":{"_EventAllDay":false,"_EventTimezone":"","_EventStartDate":"","_EventEndDate":"","_EventStartDateUTC":"","_EventEndDateUTC":"","_EventShowMap":false,"_EventShowMapLink":false,"_EventURL":"","_EventCost":"","_EventCostDescription":"","_EventCurrencySymbol":"","_EventCurrencyCode":"","_EventCurrencyPosition":"","_EventDateTimeSeparator":"","_EventTimeRangeSeparator":"","_EventOrganizerID":[],"_EventVenueID":[],"_OrganizerEmail":"","_OrganizerPhone":"","_OrganizerWebsite":"","_VenueAddress":"","_VenueCity":"","_VenueCountry":"","_VenueProvince":"","_VenueState":"","_VenueZip":"","_VenuePhone":"","_VenueURL":"","_VenueStateProvince":"","_VenueLat":"","_VenueLng":"","_VenueShowMap":false,"_VenueShowMapLink":false,"footnotes":""},"class_list":["post-80","page","type-page","status-publish","hentry"],"_links":{"self":[{"href":"https:\/\/clerewww.hauzgur.org\/index.php?rest_route=\/wp\/v2\/pages\/80","targetHints":{"allow":["GET"]}}],"collection":[{"href":"https:\/\/clerewww.hauzgur.org\/index.php?rest_route=\/wp\/v2\/pages"}],"about":[{"href":"https:\/\/clerewww.hauzgur.org\/index.php?rest_route=\/wp\/v2\/types\/page"}],"author":[{"embeddable":true,"href":"https:\/\/clerewww.hauzgur.org\/index.php?rest_route=\/wp\/v2\/users\/1"}],"replies":[{"embeddable":true,"href":"https:\/\/clerewww.hauzgur.org\/index.php?rest_route=%2Fwp%2Fv2%2Fcomments&post=80"}],"version-history":[{"count":5,"href":"https:\/\/clerewww.hauzgur.org\/index.php?rest_route=\/wp\/v2\/pages\/80\/revisions"}],"predecessor-version":[{"id":336,"href":"https:\/\/clerewww.hauzgur.org\/index.php?rest_route=\/wp\/v2\/pages\/80\/revisions\/336"}],"wp:attachment":[{"href":"https:\/\/clerewww.hauzgur.org\/index.php?rest_route=%2Fwp%2Fv2%2Fmedia&parent=80"}],"curies":[{"name":"wp","href":"https:\/\/api.w.org\/{rel}","templated":true}]}}