{"id":76,"date":"2024-05-05T16:32:13","date_gmt":"2024-05-05T14:32:13","guid":{"rendered":"https:\/\/clerewww.hauzgur.org\/?page_id=76"},"modified":"2024-05-13T15:10:26","modified_gmt":"2024-05-13T13:10:26","slug":"les-chateaux","status":"publish","type":"page","link":"https:\/\/clerewww.hauzgur.org\/?page_id=76","title":{"rendered":"Les Ch\u00e2teaux"},"content":{"rendered":"\n<p>Les Ch\u00e2teaux du\u00a0<strong>Val de Loire<\/strong>\u00a0ont \u00e9t\u00e9 construits, pour la plupart, \u00e0 la Renaissance (fin du XV\u00e8me et XVI\u00e8me si\u00e8cle) \u00e0 l&rsquo;\u00e9poque o\u00f9 les Rois de France s\u00e9journaient fr\u00e9quemment dans la r\u00e9gion.<br><br><strong>Les Ch\u00e2teaux les plus c\u00e9l\u00e8bres:<\/strong><\/p>\n\n\n\n<p><strong>Chambord , Chenonceau , Azay le Rideau , Blois , Amboise , Cheverny , Chaumont , Villandry , Langeais , Uss\u00e9 , Saumur , Montsoreau , Loches<\/strong>.&nbsp;<\/p>\n\n\n\n<figure class=\"wp-block-table is-style-regular\"><table><tbody><tr><td class=\"has-text-align-center\" data-align=\"center\"><img decoding=\"async\" style=\"width: 3000px;\" src=\"https:\/\/clerewww.hauzgur.org\/wp-content\/uploads\/2024\/05\/images.jpeg\" alt=\"\"><\/td><td><mark style=\"background-color:rgba(0, 0, 0, 0)\" class=\"has-inline-color has-vivid-cyan-blue-color\"><strong>Ch\u00e2teau de Champchevrier<\/strong><\/mark><br>Cette ancienne forteresse du XIe s. compl\u00e9t\u00e9e de deux pavillons Renaissance et d&rsquo;un corps de logis du XVIIe s., \u00e9tait\u00a0<strong>pris\u00e9e des rois Louis XI et Louis XIII<\/strong>. Les pi\u00e8ces d&rsquo;apparat et la chambre o\u00f9 Louis XIII aimait se reposer apr\u00e8s la chasse, sont orn\u00e9es de tapisseries du XVIIe s.\u00a0<strong>Les dimanches d&rsquo;\u00e9t\u00e9, des visites en habit du XVIIIe s. sont propos\u00e9es<\/strong>. Champchevrier cultive aussi une tradition toujours forte de la v\u00e9nerie.\u00a0<strong><a href=\"http:\/\/www.champchevrier.com\/\" target=\"_blank\" rel=\"noreferrer noopener\">Visiter le site officiel du Ch\u00e2teau de Champchevrier<\/a><\/strong><\/td><\/tr><tr><td class=\"has-text-align-center\" data-align=\"center\"><img decoding=\"async\" src=\"https:\/\/clerewww.hauzgur.org\/wp-content\/uploads\/2024\/05\/amboise-1024x631.jpg\" alt=\"\"><br><img alt=\"\"><\/td><td><strong><mark style=\"background-color:rgba(0, 0, 0, 0)\" class=\"has-inline-color has-vivid-cyan-blue-color\">Ch\u00e2teau d&rsquo;Amboise<\/mark><\/strong><br>B\u00e2ti aux XV et XVI\u00e8me si\u00e8cles, ce\u00a0<strong>Ch\u00e2teau authentiquement royal<\/strong>, introduit le go\u00fbt italien en Val de Loire. Lieu d&rsquo;Histoire, il en permet une \u00e9vocation chaleureuse du fait de la pr\u00e9sence d&rsquo;une\u00a0<strong>exceptionnelle collection de mobilier gothique et Renaissance<\/strong>. Apr\u00e8s la visite des logis royaux, la promenade s&rsquo;impose dans de\u00a0<strong>beaux jardins panoramiques<\/strong>\u00a0plant\u00e9s d&rsquo;essences m\u00e9diterran\u00e9ennes. Dans la chapelle Saint Hubert,\u00a0<strong>la tombe de L\u00e9onard de Vinci<\/strong>\u00a0vient de faire l&rsquo;objet d&rsquo;une \u00e9l\u00e9gante restauration.\u00a0<strong><a href=\"http:\/\/www.chateau-amboise.com\/\" target=\"_blank\" rel=\"noreferrer noopener\">Visiter le site officiel du Ch\u00e2teau d&rsquo;Amboise<\/a><\/strong><\/td><\/tr><tr><td class=\"has-text-align-center\" data-align=\"center\"><img decoding=\"async\" src=\"https:\/\/clerewww.hauzgur.org\/wp-content\/uploads\/2024\/05\/Cheverny1.jpg\" alt=\"\"><\/td><td><strong><mark style=\"background-color:rgba(0, 0, 0, 0)\" class=\"has-inline-color has-vivid-cyan-blue-color\">Ch\u00e2teau de Cheverny<\/mark><\/strong><br>Le\u00a0<strong>domaine de Cheverny<\/strong>\u00a0appartient \u00e0 la m\u00eame famille, les Hurault, depuis plus de six si\u00e8cles.<br>Le p\u00e8re du constructeur fut chancelier ( ministre de la justice ) des rois\u00a0<strong>Henri III<\/strong>\u00a0et\u00a0<strong>Henri IV<\/strong>.<strong>Cheverny<\/strong>\u00a0servit de mod\u00e8le au c\u00e9l\u00e8bre dessinateur\u00a0<strong>Herg\u00e9<\/strong>\u201a pour cr\u00e9er\u00a0<strong>Moulinsart<\/strong>.\u00a0<strong><a href=\"http:\/\/www.chateau-cheverny.com\/\" target=\"_blank\" rel=\"noreferrer noopener\">Visiter le site officiel du Ch\u00e2teau de Cheverny<\/a><\/strong><\/td><\/tr><tr><td class=\"has-text-align-center\" data-align=\"center\"><img decoding=\"async\" src=\"https:\/\/clerewww.hauzgur.org\/wp-content\/uploads\/2024\/05\/chenonceaux.jpg\" alt=\"\"><\/td><td><strong><mark style=\"background-color:rgba(0, 0, 0, 0)\" class=\"has-inline-color has-vivid-cyan-blue-color\">Ch\u00e2teau de Chenonceau<br><\/mark>\u00ab<\/strong>\u00a0<strong>Ch\u00e2teau des Dames\u00a0\u00bb<\/strong>\u00a0pour l\u2019histoire de France, b\u00e2ti en 1513 par<strong>Katherine Bri\u00e7onnet<\/strong>, embelli successivement par\u00a0<strong>Diane de Poitiers<\/strong>\u00a0et\u00a0<strong>Catherine de M\u00e9dicis,<\/strong>\u00a0sauv\u00e9 des rigueurs de la R\u00e9volution par\u00a0<strong>Madame Dupin<\/strong>,\u00a0<strong>Chenonceau<\/strong>\u00a0doit en effet aux femmes une part de son charme.\u00a0<strong><a href=\"http:\/\/www.chenonceau.com\/\" target=\"_blank\" rel=\"noreferrer noopener\">Visiter le site officiel du Ch\u00e2teau de Chenonceau<\/a><\/strong><\/td><\/tr><tr><td class=\"has-text-align-center\" data-align=\"center\"><img decoding=\"async\" src=\"https:\/\/clerewww.hauzgur.org\/wp-content\/uploads\/2024\/05\/chambord.jpg\" alt=\"\"><\/td><td><strong><mark style=\"background-color:rgba(0, 0, 0, 0)\" class=\"has-inline-color has-vivid-cyan-blue-color\">Ch\u00e2teau de Chambord<\/mark><\/strong><br>Le ch\u00e2teau de\u00a0<strong>Chambord<\/strong>\u00a0se tient \u00e0 quelques lieues de Blois, en Sologne. Palais embl\u00e9matique de la premi\u00e8re\u00a0<strong>Renaissance Fran\u00e7aise<\/strong>, le ch\u00e2teau de\u00a0<strong>Fran\u00e7ois 1er<\/strong>\u00a0constitue aujourd\u2019hui une \u00e9tape incontournable dans le circuit des ch\u00e2teaux de la Loire.\u00a0<strong><a href=\"http:\/\/www.monum.fr\/m_chambord\/fs_index.dml?lang=fr\" target=\"_blank\" rel=\"noreferrer noopener\">Visiter le mini-site du Ch\u00e2teau de Chambord<\/a><\/strong><\/td><\/tr><tr><td class=\"has-text-align-center\" data-align=\"center\"><img decoding=\"async\" src=\"https:\/\/clerewww.hauzgur.org\/wp-content\/uploads\/2024\/05\/azay.jpg\" alt=\"\"><\/td><td><strong><mark style=\"background-color:rgba(0, 0, 0, 0)\" class=\"has-inline-color has-vivid-cyan-blue-color\">Ch\u00e2teau d&rsquo;Azay Le Rideau<\/mark><\/strong><br>C&rsquo;est dans l&rsquo;\u00e9lan cr\u00e9atif des premi\u00e8res ann\u00e9es du r\u00e8gne de\u00a0<strong>Fran\u00e7ois\u00a01er<\/strong>\u00a0que fut \u00e9difi\u00e9 le ch\u00e2teau d&rsquo;Azay. Situ\u00e9 en Touraine, il s&rsquo;inscrit dans la prestigieuse lign\u00e9e des ch\u00e2teaux du Val de Loire, o\u00f9 les rois de France se plurent \u00e0 r\u00e9sider durant un si\u00e8cle.\u00a0<strong><a href=\"http:\/\/www.monum.fr\/m_azay\/fs_index.dml?lang=fr\" target=\"_blank\" rel=\"noreferrer noopener\">Visiter le mini-site du Ch\u00e2teau d&rsquo;Azay Le Rideau<\/a><\/strong><\/td><\/tr><tr><td class=\"has-text-align-center\" data-align=\"center\"><img decoding=\"async\" src=\"https:\/\/clerewww.hauzgur.org\/wp-content\/uploads\/2024\/05\/montsoreaua.jpg\" alt=\"\"><\/td><td><mark style=\"background-color:rgba(0, 0, 0, 0)\" class=\"has-inline-color has-vivid-cyan-blue-color\"><strong>Ch\u00e2teau de Montsoreau<br><\/strong><\/mark>Le ch\u00e2teau de Montsoreau est l&rsquo;unique ch\u00e2teau lig\u00e9rien\u00a0<strong>construit \u00a0\u00bb les pieds \u00a0\u00bb dans l&rsquo;eau<\/strong>. Il surplombe le confluent de la Vienne et de la Loire. Montsoreau est situ\u00e9 \u00e0 mi-chemin entre Saumur et Chinon.\u00a0<strong><a href=\"http:\/\/www.chateau-montsoreau.com\/\" target=\"_blank\" rel=\"noreferrer noopener\">Visiter le site officiel du Ch\u00e2teau de Montsoreau<\/a><\/strong><\/td><\/tr><tr><td class=\"has-text-align-center\" data-align=\"center\"><img decoding=\"async\" src=\"https:\/\/clerewww.hauzgur.org\/wp-content\/uploads\/2024\/05\/usse.jpg\" alt=\"\"><\/td><td><strong><mark style=\"background-color:rgba(0, 0, 0, 0)\" class=\"has-inline-color has-vivid-cyan-blue-color\">Ch\u00e2teau d&rsquo;Uss\u00e9<\/mark><\/strong><br>Construit du\u00a0<strong>XV\u00e8me au XVIII\u00e8me\u00a0<\/strong>si\u00e8cle, dans son cadre de verdure \u00e0 la lisi\u00e8re de la for\u00eat de Chinon, le ch\u00e2teau d&rsquo;Uss\u00e9,\u00a0<strong>ch\u00e2teau de \u00ab\u00a0la Belle au Bois Dormant\u00a0\u00bb<\/strong>\u00a0vous attend.\u00a0<strong><a href=\"http:\/\/www.tourisme.fr\/usse\/\" target=\"_blank\" rel=\"noreferrer noopener\">Visiter le site du Ch\u00e2teau <\/a><\/strong><font color=\"#222222\"><span style=\"caret-color: rgb(34, 34, 34);\"><b>d&rsquo;Us\u00e9s<\/b><\/span><\/font><\/td><\/tr><tr><td class=\"has-text-align-center\" data-align=\"center\"><img decoding=\"async\" src=\"https:\/\/clerewww.hauzgur.org\/wp-content\/uploads\/2024\/05\/blois.jpg\" alt=\"\"><\/td><td><mark style=\"background-color:rgba(0, 0, 0, 0)\" class=\"has-inline-color has-vivid-cyan-blue-color\"><strong>Ch\u00e2teau de Blois<br><\/strong><\/mark><strong>Le ch\u00e2teau de Blois r\u00e9unit autour d&rsquo;une m\u00eame cour,\u00a0quatre ch\u00e2teaux, quatre \u00e9poques,\u00a0quatre sommets de l&rsquo;architecture fran\u00e7aise<\/strong>\u00a0<strong><a href=\"http:\/\/www.ville-blois.fr\/tourisme\/chateau-blois.htm\" target=\"_blank\" rel=\"noreferrer noopener\">Visiter le site de la ville de Blois<\/a><\/strong><\/td><\/tr><tr><td class=\"has-text-align-center\" data-align=\"center\"><img decoding=\"async\" src=\"https:\/\/clerewww.hauzgur.org\/wp-content\/uploads\/2024\/05\/Villandry.jpg\" alt=\"\"><\/td><td><mark style=\"background-color:rgba(0, 0, 0, 0)\" class=\"has-inline-color has-vivid-cyan-blue-color\"><strong>Ch\u00e2teau de Villandry<\/strong><\/mark><br><strong>Villandry<\/strong>, achev\u00e9 vers 1536, est le dernier des grands ch\u00e2teaux qui furent b\u00e2tis sur les bords de Loire \u00e0 l&rsquo;\u00e9poque de la Renaissance. Villandry fut\u00a0<strong>construit par un ministre des finances de Fran\u00e7ois 1er<\/strong>, Jean le Breton, dont les armoiries figurent sur le galbe de la lucarne de gauche.\u00a0<strong><a href=\"http:\/\/www.chateauvillandry.com\/\" target=\"_blank\" rel=\"noreferrer noopener\">Visiter le site officiel du Ch\u00e2teau de Villandry<\/a><\/strong><\/td><\/tr><tr><td class=\"has-text-align-center\" data-align=\"center\"><a href=\"http:\/\/cstouraine.fr\/images\/chateaux\/Chateau%20Loches.JPG\"><\/a><br><img decoding=\"async\" src=\"https:\/\/clerewww.hauzgur.org\/wp-content\/uploads\/2024\/05\/Chateau-Loches.jpg\" alt=\"\"><\/td><td><strong><mark style=\"background-color:rgba(0, 0, 0, 0)\" class=\"has-inline-color has-vivid-cyan-blue-color\">Ch\u00e2teau de Loches<\/mark><\/strong><br>Remarquable par ses dimensions (36 m\u00e8tres de hauteur) et par son excellent \u00e9tat de conservation, le Donjon roman est \u00e9rig\u00e9 parFoulques Nerra,\u00a0<strong>Comte d\u2019Anjou<\/strong>, autour de l\u2019an Mil. Parfait exemple de l\u2019<strong>architecture militaire<\/strong>\u00a0r\u00e9alis\u00e9e en Occident, la forteresse, du XI\u00e8me si\u00e8cle, est\u00a0<strong>transform\u00e9e en prison royale au XV\u00e8me si\u00e8cle par Louis XI\u00a0<\/strong>\u00a0<strong><a href=\"http:\/\/www.loches-tourainecotesud.com\/Francais\/1-Decouverte\/lochois.htm\" target=\"_blank\" rel=\"noreferrer noopener\">Visiter la page du Ch\u00e2teau du site de la ville Loches<\/a><\/strong><\/td><\/tr><\/tbody><\/table><\/figure>\n\n\n\n<p><\/p>\n","protected":false},"excerpt":{"rendered":"<p>Les Ch\u00e2teaux du\u00a0Val de Loire\u00a0ont \u00e9t\u00e9 construits, pour la plupart, \u00e0 la Renaissance (fin du XV\u00e8me et XVI\u00e8me si\u00e8cle) \u00e0 l&rsquo;\u00e9poque o\u00f9 les Rois de France s\u00e9journaient fr\u00e9quemment dans la &hellip; <\/p>\n<p class=\"link-more\"><a href=\"https:\/\/clerewww.hauzgur.org\/?page_id=76\" class=\"more-link\">Continuer la lecture<span class=\"screen-reader-text\"> de &laquo;&nbsp;Les Ch\u00e2teaux&nbsp;&raquo;<\/span><\/a><\/p>\n","protected":false},"author":1,"featured_media":0,"parent":0,"menu_order":0,"comment_status":"closed","ping_status":"closed","template":"","meta":{"_EventAllDay":false,"_EventTimezone":"","_EventStartDate":"","_EventEndDate":"","_EventStartDateUTC":"","_EventEndDateUTC":"","_EventShowMap":false,"_EventShowMapLink":false,"_EventURL":"","_EventCost":"","_EventCostDescription":"","_EventCurrencySymbol":"","_EventCurrencyCode":"","_EventCurrencyPosition":"","_EventDateTimeSeparator":"","_EventTimeRangeSeparator":"","_EventOrganizerID":[],"_EventVenueID":[],"_OrganizerEmail":"","_OrganizerPhone":"","_OrganizerWebsite":"","_VenueAddress":"","_VenueCity":"","_VenueCountry":"","_VenueProvince":"","_VenueState":"","_VenueZip":"","_VenuePhone":"","_VenueURL":"","_VenueStateProvince":"","_VenueLat":"","_VenueLng":"","_VenueShowMap":false,"_VenueShowMapLink":false,"footnotes":""},"class_list":["post-76","page","type-page","status-publish","hentry"],"_links":{"self":[{"href":"https:\/\/clerewww.hauzgur.org\/index.php?rest_route=\/wp\/v2\/pages\/76","targetHints":{"allow":["GET"]}}],"collection":[{"href":"https:\/\/clerewww.hauzgur.org\/index.php?rest_route=\/wp\/v2\/pages"}],"about":[{"href":"https:\/\/clerewww.hauzgur.org\/index.php?rest_route=\/wp\/v2\/types\/page"}],"author":[{"embeddable":true,"href":"https:\/\/clerewww.hauzgur.org\/index.php?rest_route=\/wp\/v2\/users\/1"}],"replies":[{"embeddable":true,"href":"https:\/\/clerewww.hauzgur.org\/index.php?rest_route=%2Fwp%2Fv2%2Fcomments&post=76"}],"version-history":[{"count":12,"href":"https:\/\/clerewww.hauzgur.org\/index.php?rest_route=\/wp\/v2\/pages\/76\/revisions"}],"predecessor-version":[{"id":365,"href":"https:\/\/clerewww.hauzgur.org\/index.php?rest_route=\/wp\/v2\/pages\/76\/revisions\/365"}],"wp:attachment":[{"href":"https:\/\/clerewww.hauzgur.org\/index.php?rest_route=%2Fwp%2Fv2%2Fmedia&parent=76"}],"curies":[{"name":"wp","href":"https:\/\/api.w.org\/{rel}","templated":true}]}}