{"id":58,"date":"2024-05-05T15:49:36","date_gmt":"2024-05-05T13:49:36","guid":{"rendered":"https:\/\/clerewww.hauzgur.org\/?page_id=58"},"modified":"2024-05-06T18:10:32","modified_gmt":"2024-05-06T16:10:32","slug":"situation","status":"publish","type":"page","link":"https:\/\/clerewww.hauzgur.org\/?page_id=58","title":{"rendered":"Situation"},"content":{"rendered":"\n<figure class=\"wp-block-table\"><table class=\"has-fixed-layout\"><tbody><tr><td class=\"has-text-align-center\" data-align=\"center\"><img decoding=\"async\" src=\"https:\/\/clerewww.hauzgur.org\/wp-content\/uploads\/2024\/05\/carte-europe-france.jpg\" alt=\"\"><\/td><td>Le\u00a0<strong>Club du Soleil de Touraine<\/strong>\u00a0<br>se situe au lieu dit du Bois des Forges, <br>sur la commune de\u00a0<strong>Cl\u00e9r\u00e9-Les-Pins<\/strong>, <br>dans le canton de Langeais, <br>D\u00e9partement de l&rsquo;\u00a0<strong>Indre et Loire\u00a0<\/strong>(37)\u00a0<br><br><strong>Quelques distances:<\/strong><br>Le terrain se trouve \u00e0\u00a0<br><strong>25 km de Tours<\/strong>,<br>270 km de Paris , <br>360 km de Bordeaux, <br>480 km de Lyon.<br><br><strong>Coordonn\u00e9es<\/strong><br>Latitude &#8211; Longitude:<br>47\u00b0 24&prime; 48&Prime;, 0\u00b0 23&prime; 23&Prime;<br>47.413 , 0.390<br><br><strong><a href=\"http:\/\/maps.google.fr\/maps?f=q&amp;hl=fr&amp;geocode=&amp;time=&amp;date=&amp;ttype=&amp;q=clere+les+pins&amp;sll=47.413,0.390&amp;sspn=0.010499,0.019741&amp;ie=UTF8&amp;ll=47.413,0.390&amp;spn=0.020997,0.039482&amp;t=h&amp;z=15&amp;iwloc=addr&amp;om=1\" target=\"_blank\" rel=\"noreferrer noopener\">Cliquez-ici pour une vue satellite<\/a><\/strong><\/td><\/tr><\/tbody><\/table><\/figure>\n\n\n\n<hr class=\"wp-block-separator has-alpha-channel-opacity\"\/>\n\n\n\n<p><\/p>\n\n\n\n<figure class=\"wp-block-image size-full\"><img loading=\"lazy\" decoding=\"async\" width=\"318\" height=\"400\" src=\"https:\/\/clerewww.hauzgur.org\/wp-content\/uploads\/2024\/05\/plan-cst.jpg\" alt=\"\" class=\"wp-image-73\" srcset=\"https:\/\/clerewww.hauzgur.org\/wp-content\/uploads\/2024\/05\/plan-cst.jpg 318w, https:\/\/clerewww.hauzgur.org\/wp-content\/uploads\/2024\/05\/plan-cst-239x300.jpg 239w\" sizes=\"auto, (max-width: 318px) 100vw, 318px\" \/><\/figure>\n\n\n\n<hr class=\"wp-block-separator has-alpha-channel-opacity\"\/>\n\n\n\n<p>Quelques informations sur la ville de Cl\u00e9r\u00e9-L\u00e8s-Pins<\/p>\n\n\n\n<figure class=\"wp-block-table\"><table><tbody><tr><td><strong>D\u00e9partement :<\/strong>\u00a0Indre et Loire<br><strong>Code postal :<\/strong>\u00a037340\u00a0<br><strong>Population :\u00a0<\/strong>1 423 habitants (statistique de 2015)<br><strong>Superficie :<\/strong>\u00a03 562 hectares<strong><br>Altitude :\u00a0<\/strong>97 m\u00e8tres<\/td><td><img loading=\"lazy\" decoding=\"async\" src=\"http:\/\/cstouraine.fr\/images\/panneau.jpg\" height=\"83\" width=\"120\"><\/td><\/tr><\/tbody><\/table><\/figure>\n\n\n\n<p><strong><br>G\u00e9n\u00e9ralit\u00e9s historiques :<br><\/strong>Ch\u00e2tellenie qui d\u00e9pendait de l&rsquo;archev\u00each\u00e9 de Tours<br>Le fief de Champchevrier appartint aux Maill\u00e9, aux Laval, aux Bastarnay, aux Daillon, aux ducs de Roquelaure, puis aux La Rue du Can.&nbsp;<\/p>\n\n\n\n<p><strong>Particularit\u00e9s :<br><\/strong>Ch\u00e2teau de Champchevrier XVI\u00e8me si\u00e8cle, remani\u00e9 XVII\u00e8me\/XVIII\u00e8me si\u00e8cles : douves, terrasse, communs, jardins, cour d&rsquo;entr\u00e9e,, parc et canal.<br>Ch\u00e2teau de la Fresnaye XIX\u00e8me si\u00e8cle, style Renaissance.<br>Ch\u00e2teau de la Chetardi\u00e8re : logis rectangulaire flanqu\u00e9 d&rsquo;une tour circulaire XVI\u00e8me si\u00e8cle.<br>Ancienne h\u00f4tellerie Saint-Louis au hameau des Cormiers : porche avec son colombier, logis XVII\u00e8me si\u00e8cle.&nbsp;<br>\u00c9glise Notre-Dame : ch\u0153ur en berceau et abside en cul-de-four romans XII\u00e8me si\u00e8cle, nef et collat\u00e9raux n\u00e9o-romans 1868.<br>Presbyt\u00e8re XVI\u00e8me si\u00e8cle, remani\u00e9.<br>Chapelle de l&rsquo;ancien prieur\u00e9 de la Fresnaye, XV\u00e8me si\u00e8cle.&nbsp;<br>Plateau bois\u00e9.<br>Bois de Champchevrier et de Br\u00e9viande.<br>Rives de la Roumer et du Lathan.<br>\u00c9tangs, sources.<br>&nbsp;<\/p>\n\n\n\n<p><strong>Vie locale :<br><\/strong>March\u00e9 : jeudi.<br>F\u00eate communale : deuxi\u00e8me dimanche de juin, quatri\u00e8me dimanche de septembre.<br>P\u00eache, chasse, chasse \u00e0 courre, \u00e9quitation, cyclotourisme<\/p>\n","protected":false},"excerpt":{"rendered":"<p>Le\u00a0Club du Soleil de Touraine\u00a0se situe au lieu dit du Bois des Forges, sur la commune de\u00a0Cl\u00e9r\u00e9-Les-Pins, dans le canton de Langeais, D\u00e9partement de l&rsquo;\u00a0Indre et Loire\u00a0(37)\u00a0 Quelques distances:Le terrain &hellip; <\/p>\n<p class=\"link-more\"><a href=\"https:\/\/clerewww.hauzgur.org\/?page_id=58\" class=\"more-link\">Continuer la lecture<span class=\"screen-reader-text\"> de &laquo;&nbsp;Situation&nbsp;&raquo;<\/span><\/a><\/p>\n","protected":false},"author":1,"featured_media":0,"parent":0,"menu_order":0,"comment_status":"closed","ping_status":"closed","template":"","meta":{"_EventAllDay":false,"_EventTimezone":"","_EventStartDate":"","_EventEndDate":"","_EventStartDateUTC":"","_EventEndDateUTC":"","_EventShowMap":false,"_EventShowMapLink":false,"_EventURL":"","_EventCost":"","_EventCostDescription":"","_EventCurrencySymbol":"","_EventCurrencyCode":"","_EventCurrencyPosition":"","_EventDateTimeSeparator":"","_EventTimeRangeSeparator":"","_EventOrganizerID":[],"_EventVenueID":[],"_OrganizerEmail":"","_OrganizerPhone":"","_OrganizerWebsite":"","_VenueAddress":"","_VenueCity":"","_VenueCountry":"","_VenueProvince":"","_VenueState":"","_VenueZip":"","_VenuePhone":"","_VenueURL":"","_VenueStateProvince":"","_VenueLat":"","_VenueLng":"","_VenueShowMap":false,"_VenueShowMapLink":false,"footnotes":""},"class_list":["post-58","page","type-page","status-publish","hentry"],"_links":{"self":[{"href":"https:\/\/clerewww.hauzgur.org\/index.php?rest_route=\/wp\/v2\/pages\/58","targetHints":{"allow":["GET"]}}],"collection":[{"href":"https:\/\/clerewww.hauzgur.org\/index.php?rest_route=\/wp\/v2\/pages"}],"about":[{"href":"https:\/\/clerewww.hauzgur.org\/index.php?rest_route=\/wp\/v2\/types\/page"}],"author":[{"embeddable":true,"href":"https:\/\/clerewww.hauzgur.org\/index.php?rest_route=\/wp\/v2\/users\/1"}],"replies":[{"embeddable":true,"href":"https:\/\/clerewww.hauzgur.org\/index.php?rest_route=%2Fwp%2Fv2%2Fcomments&post=58"}],"version-history":[{"count":5,"href":"https:\/\/clerewww.hauzgur.org\/index.php?rest_route=\/wp\/v2\/pages\/58\/revisions"}],"predecessor-version":[{"id":305,"href":"https:\/\/clerewww.hauzgur.org\/index.php?rest_route=\/wp\/v2\/pages\/58\/revisions\/305"}],"wp:attachment":[{"href":"https:\/\/clerewww.hauzgur.org\/index.php?rest_route=%2Fwp%2Fv2%2Fmedia&parent=58"}],"curies":[{"name":"wp","href":"https:\/\/api.w.org\/{rel}","templated":true}]}}