{"id":49,"date":"2024-05-05T15:42:17","date_gmt":"2024-05-05T13:42:17","guid":{"rendered":"https:\/\/clerewww.hauzgur.org\/?page_id=49"},"modified":"2024-08-02T11:19:34","modified_gmt":"2024-08-02T09:19:34","slug":"accueil","status":"publish","type":"page","link":"https:\/\/clerewww.hauzgur.org\/","title":{"rendered":"Accueil"},"content":{"rendered":"\n<p><strong>Bonjour et bienvenue sur le site du Club de Soleil de Touraine.<\/strong><\/p>\n\n\n\n<p><strong>Au c\u0153ur de la Vall\u00e9e de la Loire, nous vous accueillons dans un camping 2 \u00e9toiles, sur un terrain bois\u00e9 de 8 hectares situ\u00e9 \u00e0 quelques minutes de Tours.<\/strong><\/p>\n\n\n\n<figure class=\"wp-block-table\"><table><tbody><tr><td class=\"has-text-align-center\" data-align=\"center\"><strong>Notre club est ouvert toute l&rsquo;ann\u00e9e pour ses adh\u00e9rents.<\/strong><br><strong>Vous pouvez nous contacter au 02 34 37 66 26<\/strong><\/td><\/tr><\/tbody><\/table><\/figure>\n\n\n\n<hr class=\"wp-block-separator has-alpha-channel-opacity\"\/>\n\n\n\n<figure class=\"wp-block-table\"><table><tbody><tr><td class=\"has-text-align-center\" data-align=\"center\"><img decoding=\"async\" src=\"https:\/\/clerewww.hauzgur.org\/wp-content\/uploads\/2024\/05\/wifi2.jpeg\" alt=\"\"><\/td><td class=\"has-text-align-center\" data-align=\"center\"><strong>Wifi gratuit dans une zone limit\u00e9e autour de la place du 14 Juillet.<\/strong><\/td><\/tr><\/tbody><\/table><\/figure>\n\n\n\n<hr class=\"wp-block-separator has-alpha-channel-opacity\"\/>\n\n\n\n<figure class=\"wp-block-table\"><table><tbody><tr><td class=\"has-text-align-right\" data-align=\"right\"><img decoding=\"async\" src=\"https:\/\/clerewww.hauzgur.org\/wp-content\/uploads\/2024\/05\/nouveau.png\" alt=\"\" style=\"width: 80px;\"><\/td><td><mark style=\"background-color:rgba(0, 0, 0, 0)\" class=\"has-inline-color has-vivid-cyan-blue-color\"><strong>Piscine chauff\u00e9e<\/strong><\/mark><\/td><\/tr><\/tbody><\/table><\/figure>\n\n\n\n<hr class=\"wp-block-separator has-alpha-channel-opacity\"\/>\n\n\n\n<p class=\"has-text-align-center\"><strong><mark style=\"background-color:rgba(0, 0, 0, 0)\" class=\"has-inline-color has-vivid-green-cyan-color\">Pour vos vacances, nous vous proposons 30 emplacements de camping<\/mark> <mark style=\"background-color:rgba(0, 0, 0, 0)\" class=\"has-inline-color has-vivid-green-cyan-color\">et 3 chambres (dont une adapt\u00e9s aux personnes en fauteuil roulant).<\/mark><\/strong><\/p>\n\n\n\n<p class=\"has-text-align-center\"><strong><mark style=\"background-color:rgba(0, 0, 0, 0)\" class=\"has-inline-color has-vivid-green-cyan-color\">Nous serons ouvert du 9 Juin au 8 septembre 2024.<\/mark><\/strong><\/p>\n\n\n\n<p class=\"has-text-align-center\"><strong><mark style=\"background-color:rgba(0, 0, 0, 0)\" class=\"has-inline-color has-vivid-green-cyan-color\">Les horaires de l&rsquo;accueil sont de 08h30 \u00e0 12h30 et de 15h00 \u00e0 19h00.<\/mark><\/strong><\/p>\n\n\n\n<figure style=\"font-size:15px\" class=\"wp-block-table\"><table><tbody><tr><td class=\"has-text-align-center\" data-align=\"center\"><img decoding=\"async\" src=\"https:\/\/clerewww.hauzgur.org\/wp-content\/uploads\/2024\/05\/New-Logo-FFN-fond-blanc-small-2.jpg\" alt=\"\"><\/td><td class=\"has-text-align-center\" data-align=\"center\"><img decoding=\"async\" src=\"https:\/\/clerewww.hauzgur.org\/wp-content\/uploads\/2024\/05\/logo_ffcc-2.jpg\" alt=\"\"><\/td><td class=\"has-text-align-center\" data-align=\"center\">CAMPING<br><img decoding=\"async\" src=\"https:\/\/clerewww.hauzgur.org\/wp-content\/uploads\/2024\/05\/2estrellas.gif\" alt=\"\"><\/td><td class=\"has-text-align-center\" data-align=\"center\"><img decoding=\"async\" src=\"https:\/\/clerewww.hauzgur.org\/wp-content\/uploads\/2024\/05\/LOGO_CHEQUE_VACANCES-2.jpg\" alt=\"\"><\/td><\/tr><\/tbody><\/table><\/figure>\n\n\n\n<figure class=\"wp-block-table\"><table><tbody><tr><td><img decoding=\"async\" src=\"https:\/\/clerewww.hauzgur.org\/wp-content\/uploads\/2024\/05\/1naturiste.png\" alt=\"\"><\/td><td class=\"has-text-align-center\" data-align=\"center\"><img decoding=\"async\" src=\"https:\/\/clerewww.hauzgur.org\/wp-content\/uploads\/2024\/05\/1chambres.png\" alt=\"\"><\/td><td class=\"has-text-align-center\" data-align=\"center\"><img decoding=\"async\" src=\"https:\/\/clerewww.hauzgur.org\/wp-content\/uploads\/2024\/05\/1campingcar.png\" alt=\"\"><\/td><td class=\"has-text-align-center\" data-align=\"center\"><img loading=\"lazy\" decoding=\"async\" width=\"32\" height=\"27\" class=\"wp-image-283\" style=\"caret-color: rgb(0, 0, 0); color: rgb(0, 0, 0); white-space: normal; font-family: inherit; font-size: inherit;\" src=\"https:\/\/clerewww.hauzgur.org\/wp-content\/uploads\/2024\/05\/1electricite.png\" alt=\"\"><\/td><td class=\"has-text-align-center\" data-align=\"center\"><img loading=\"lazy\" decoding=\"async\" width=\"32\" height=\"27\" class=\"wp-image-282\" style=\"caret-color: rgb(0, 0, 0); color: rgb(0, 0, 0); white-space: normal; font-family: inherit; font-size: inherit;\" src=\"https:\/\/clerewww.hauzgur.org\/wp-content\/uploads\/2024\/05\/1pmr.png\" alt=\"\"><\/td><td><img loading=\"lazy\" decoding=\"async\" width=\"32\" height=\"27\" class=\"wp-image-281\" style=\"caret-color: rgb(0, 0, 0); color: rgb(0, 0, 0); white-space: normal; font-family: inherit; font-size: inherit;\" src=\"https:\/\/clerewww.hauzgur.org\/wp-content\/uploads\/2024\/05\/1lavelinge.png\" alt=\"\"><\/td><td class=\"has-text-align-center\" data-align=\"center\"><img decoding=\"async\" src=\"https:\/\/clerewww.hauzgur.org\/wp-content\/uploads\/2024\/05\/1soleil.png\" alt=\"\"><\/td><td class=\"has-text-align-center\" data-align=\"center\"><img decoding=\"async\" src=\"https:\/\/clerewww.hauzgur.org\/wp-content\/uploads\/2024\/05\/1petanque.png\" alt=\"\"><\/td><td class=\"has-text-align-center\" data-align=\"center\"><img decoding=\"async\" src=\"https:\/\/clerewww.hauzgur.org\/wp-content\/uploads\/2024\/05\/1enfants.png\" alt=\"\"><\/td><td class=\"has-text-align-center\" data-align=\"center\"><img loading=\"lazy\" decoding=\"async\" width=\"32\" height=\"27\" class=\"wp-image-272\" style=\"caret-color: rgb(0, 0, 0); color: rgb(0, 0, 0); white-space: normal; font-family: inherit; font-size: inherit;\" src=\"https:\/\/clerewww.hauzgur.org\/wp-content\/uploads\/2024\/05\/1doc.png\" alt=\"\"><\/td><td><img decoding=\"async\" src=\"https:\/\/clerewww.hauzgur.org\/wp-content\/uploads\/2024\/05\/1chateaux.png\" alt=\"\"><\/td><td><img decoding=\"async\" src=\"https:\/\/clerewww.hauzgur.org\/wp-content\/uploads\/2024\/05\/1minigolf.png\" alt=\"\"><\/td><td><img decoding=\"async\" src=\"https:\/\/clerewww.hauzgur.org\/wp-content\/uploads\/2024\/05\/1animations.png\" alt=\"\"><\/td><td><img decoding=\"async\" src=\"https:\/\/clerewww.hauzgur.org\/wp-content\/uploads\/2024\/05\/1volley.png\" alt=\"\"><\/td><td><img decoding=\"async\" src=\"https:\/\/clerewww.hauzgur.org\/wp-content\/uploads\/2024\/05\/1tvsat.png\" alt=\"\"><\/td><\/tr><\/tbody><\/table><\/figure>\n\n\n\n<figure style=\"font-size:12px\" class=\"wp-block-table\"><table><tbody><tr><td class=\"has-text-align-center\" data-align=\"center\">Site internet d\u00e9clar\u00e9 \u00e0 la&nbsp;<a href=\"http:\/\/www.cnil.fr\/\" target=\"_blank\" rel=\"noreferrer noopener\">CNIL (Commission Nationale de l&rsquo;Informatique et des Libert\u00e9s)<\/a>&nbsp;sous le num\u00e9ro 1161856<\/td><\/tr><\/tbody><\/table><\/figure>\n\n\n\n<p><\/p>\n","protected":false},"excerpt":{"rendered":"<p>Bonjour et bienvenue sur le site du Club de Soleil de Touraine. Au c\u0153ur de la Vall\u00e9e de la Loire, nous vous accueillons dans un camping 2 \u00e9toiles, sur un &hellip; <\/p>\n<p class=\"link-more\"><a href=\"https:\/\/clerewww.hauzgur.org\/\" class=\"more-link\">Continuer la lecture<span class=\"screen-reader-text\"> de &laquo;&nbsp;Accueil&nbsp;&raquo;<\/span><\/a><\/p>\n","protected":false},"author":1,"featured_media":0,"parent":0,"menu_order":0,"comment_status":"closed","ping_status":"closed","template":"","meta":{"_EventAllDay":false,"_EventTimezone":"","_EventStartDate":"","_EventEndDate":"","_EventStartDateUTC":"","_EventEndDateUTC":"","_EventShowMap":false,"_EventShowMapLink":false,"_EventURL":"","_EventCost":"","_EventCostDescription":"","_EventCurrencySymbol":"","_EventCurrencyCode":"","_EventCurrencyPosition":"","_EventDateTimeSeparator":"","_EventTimeRangeSeparator":"","_EventOrganizerID":[],"_EventVenueID":[],"_OrganizerEmail":"","_OrganizerPhone":"","_OrganizerWebsite":"","_VenueAddress":"","_VenueCity":"","_VenueCountry":"","_VenueProvince":"","_VenueState":"","_VenueZip":"","_VenuePhone":"","_VenueURL":"","_VenueStateProvince":"","_VenueLat":"","_VenueLng":"","_VenueShowMap":false,"_VenueShowMapLink":false,"footnotes":""},"class_list":["post-49","page","type-page","status-publish","hentry"],"_links":{"self":[{"href":"https:\/\/clerewww.hauzgur.org\/index.php?rest_route=\/wp\/v2\/pages\/49","targetHints":{"allow":["GET"]}}],"collection":[{"href":"https:\/\/clerewww.hauzgur.org\/index.php?rest_route=\/wp\/v2\/pages"}],"about":[{"href":"https:\/\/clerewww.hauzgur.org\/index.php?rest_route=\/wp\/v2\/types\/page"}],"author":[{"embeddable":true,"href":"https:\/\/clerewww.hauzgur.org\/index.php?rest_route=\/wp\/v2\/users\/1"}],"replies":[{"embeddable":true,"href":"https:\/\/clerewww.hauzgur.org\/index.php?rest_route=%2Fwp%2Fv2%2Fcomments&post=49"}],"version-history":[{"count":13,"href":"https:\/\/clerewww.hauzgur.org\/index.php?rest_route=\/wp\/v2\/pages\/49\/revisions"}],"predecessor-version":[{"id":382,"href":"https:\/\/clerewww.hauzgur.org\/index.php?rest_route=\/wp\/v2\/pages\/49\/revisions\/382"}],"wp:attachment":[{"href":"https:\/\/clerewww.hauzgur.org\/index.php?rest_route=%2Fwp%2Fv2%2Fmedia&parent=49"}],"curies":[{"name":"wp","href":"https:\/\/api.w.org\/{rel}","templated":true}]}}