{"id":34,"date":"2024-05-05T15:27:32","date_gmt":"2024-05-05T13:27:32","guid":{"rendered":"https:\/\/clerewww.hauzgur.org\/?page_id=34"},"modified":"2024-05-06T12:21:54","modified_gmt":"2024-05-06T10:21:54","slug":"terrain-de-petanque","status":"publish","type":"page","link":"https:\/\/clerewww.hauzgur.org\/?page_id=34","title":{"rendered":"Terrains de p\u00e9tanque"},"content":{"rendered":"\n<p>Nous vous mettons a disposition 4 terrains de p\u00e9tanque situ\u00e9 a cot\u00e9 de la piscine<\/p>\n\n\n\n<figure class=\"wp-block-image size-large\"><img loading=\"lazy\" decoding=\"async\" width=\"1024\" height=\"664\" src=\"https:\/\/clerewww.hauzgur.org\/wp-content\/uploads\/2024\/05\/terrains-de-boules-1024x664.jpg\" alt=\"\" class=\"wp-image-17\" srcset=\"https:\/\/clerewww.hauzgur.org\/wp-content\/uploads\/2024\/05\/terrains-de-boules-1024x664.jpg 1024w, https:\/\/clerewww.hauzgur.org\/wp-content\/uploads\/2024\/05\/terrains-de-boules-300x195.jpg 300w, https:\/\/clerewww.hauzgur.org\/wp-content\/uploads\/2024\/05\/terrains-de-boules-768x498.jpg 768w, https:\/\/clerewww.hauzgur.org\/wp-content\/uploads\/2024\/05\/terrains-de-boules-1536x996.jpg 1536w, https:\/\/clerewww.hauzgur.org\/wp-content\/uploads\/2024\/05\/terrains-de-boules.jpg 2048w\" sizes=\"auto, (max-width: 706px) 89vw, (max-width: 767px) 82vw, 740px\" \/><\/figure>\n","protected":false},"excerpt":{"rendered":"<p>Nous vous mettons a disposition 4 terrains de p\u00e9tanque situ\u00e9 a cot\u00e9 de la piscine<\/p>\n","protected":false},"author":1,"featured_media":0,"parent":0,"menu_order":0,"comment_status":"closed","ping_status":"closed","template":"","meta":{"_EventAllDay":false,"_EventTimezone":"","_EventStartDate":"","_EventEndDate":"","_EventStartDateUTC":"","_EventEndDateUTC":"","_EventShowMap":false,"_EventShowMapLink":false,"_EventURL":"","_EventCost":"","_EventCostDescription":"","_EventCurrencySymbol":"","_EventCurrencyCode":"","_EventCurrencyPosition":"","_EventDateTimeSeparator":"","_EventTimeRangeSeparator":"","_EventOrganizerID":[],"_EventVenueID":[],"_OrganizerEmail":"","_OrganizerPhone":"","_OrganizerWebsite":"","_VenueAddress":"","_VenueCity":"","_VenueCountry":"","_VenueProvince":"","_VenueState":"","_VenueZip":"","_VenuePhone":"","_VenueURL":"","_VenueStateProvince":"","_VenueLat":"","_VenueLng":"","_VenueShowMap":false,"_VenueShowMapLink":false,"footnotes":""},"class_list":["post-34","page","type-page","status-publish","hentry"],"_links":{"self":[{"href":"https:\/\/clerewww.hauzgur.org\/index.php?rest_route=\/wp\/v2\/pages\/34","targetHints":{"allow":["GET"]}}],"collection":[{"href":"https:\/\/clerewww.hauzgur.org\/index.php?rest_route=\/wp\/v2\/pages"}],"about":[{"href":"https:\/\/clerewww.hauzgur.org\/index.php?rest_route=\/wp\/v2\/types\/page"}],"author":[{"embeddable":true,"href":"https:\/\/clerewww.hauzgur.org\/index.php?rest_route=\/wp\/v2\/users\/1"}],"replies":[{"embeddable":true,"href":"https:\/\/clerewww.hauzgur.org\/index.php?rest_route=%2Fwp%2Fv2%2Fcomments&post=34"}],"version-history":[{"count":3,"href":"https:\/\/clerewww.hauzgur.org\/index.php?rest_route=\/wp\/v2\/pages\/34\/revisions"}],"predecessor-version":[{"id":210,"href":"https:\/\/clerewww.hauzgur.org\/index.php?rest_route=\/wp\/v2\/pages\/34\/revisions\/210"}],"wp:attachment":[{"href":"https:\/\/clerewww.hauzgur.org\/index.php?rest_route=%2Fwp%2Fv2%2Fmedia&parent=34"}],"curies":[{"name":"wp","href":"https:\/\/api.w.org\/{rel}","templated":true}]}}