{"id":338,"date":"2024-05-13T12:41:28","date_gmt":"2024-05-13T10:41:28","guid":{"rendered":"https:\/\/clerewww.hauzgur.org\/?page_id=338"},"modified":"2024-05-13T12:52:21","modified_gmt":"2024-05-13T10:52:21","slug":"le-bureau","status":"publish","type":"page","link":"https:\/\/clerewww.hauzgur.org\/?page_id=338","title":{"rendered":"Le Bureau"},"content":{"rendered":"\n<figure class=\"wp-block-table\"><table><tbody><tr><td class=\"has-text-align-center\" data-align=\"center\"><img decoding=\"async\" src=\"https:\/\/clerewww.hauzgur.org\/wp-content\/uploads\/2024\/05\/anonyme-homme.jpg\" alt=\"\"><\/td><td><strong><mark style=\"background-color:rgba(0, 0, 0, 0)\" class=\"has-inline-color has-vivid-cyan-blue-color\">Pr\u00e9sident<\/mark><br><\/strong>Dominique Dupret<\/td><td><\/td><td><\/td><\/tr><tr><td class=\"has-text-align-center\" data-align=\"center\"><img decoding=\"async\" src=\"https:\/\/clerewww.hauzgur.org\/wp-content\/uploads\/2024\/05\/anonyme-homme.jpg\" alt=\"\"><\/td><td><strong><mark style=\"background-color:rgba(0, 0, 0, 0)\" class=\"has-inline-color has-vivid-cyan-blue-color\">Secretaire<\/mark><\/strong> <br>Patrick Hubert<\/td><td><img decoding=\"async\" src=\"https:\/\/clerewww.hauzgur.org\/wp-content\/uploads\/2024\/05\/anonyme_femme.jpg\" alt=\"\"><\/td><td><strong><mark style=\"background-color:rgba(0, 0, 0, 0)\" class=\"has-inline-color has-vivid-cyan-blue-color\">Secr\u00e9taire adjoint<\/mark><\/strong><br>Virginie MERLE<\/td><\/tr><tr><td class=\"has-text-align-center\" data-align=\"center\"><img decoding=\"async\" src=\"https:\/\/clerewww.hauzgur.org\/wp-content\/uploads\/2024\/05\/anonyme_femme.jpg\" alt=\"\"><\/td><td><mark style=\"background-color:rgba(0, 0, 0, 0)\" class=\"has-inline-color has-vivid-cyan-blue-color\"><strong>Tr\u00e9sorier<\/strong><\/mark><br>Jocelyne Brossard<\/td><td><br><img decoding=\"async\" src=\"https:\/\/clerewww.hauzgur.org\/wp-content\/uploads\/2024\/05\/anonyme_femme.jpg\" alt=\"\"><\/td><td><mark style=\"background-color:rgba(0, 0, 0, 0)\" class=\"has-inline-color has-vivid-cyan-blue-color\"><strong>Commissaire aux comptes<\/strong><\/mark><br>Chantale Curreau<\/td><\/tr><\/tbody><\/table><\/figure>\n","protected":false},"excerpt":{"rendered":"<p>Pr\u00e9sidentDominique Dupret Secretaire Patrick Hubert Secr\u00e9taire adjointVirginie MERLE Tr\u00e9sorierJocelyne Brossard Commissaire aux comptesChantale Curreau<\/p>\n","protected":false},"author":1,"featured_media":0,"parent":0,"menu_order":0,"comment_status":"closed","ping_status":"closed","template":"","meta":{"_EventAllDay":false,"_EventTimezone":"","_EventStartDate":"","_EventEndDate":"","_EventStartDateUTC":"","_EventEndDateUTC":"","_EventShowMap":false,"_EventShowMapLink":false,"_EventURL":"","_EventCost":"","_EventCostDescription":"","_EventCurrencySymbol":"","_EventCurrencyCode":"","_EventCurrencyPosition":"","_EventDateTimeSeparator":"","_EventTimeRangeSeparator":"","_EventOrganizerID":[],"_EventVenueID":[],"_OrganizerEmail":"","_OrganizerPhone":"","_OrganizerWebsite":"","_VenueAddress":"","_VenueCity":"","_VenueCountry":"","_VenueProvince":"","_VenueState":"","_VenueZip":"","_VenuePhone":"","_VenueURL":"","_VenueStateProvince":"","_VenueLat":"","_VenueLng":"","_VenueShowMap":false,"_VenueShowMapLink":false,"footnotes":""},"class_list":["post-338","page","type-page","status-publish","hentry"],"_links":{"self":[{"href":"https:\/\/clerewww.hauzgur.org\/index.php?rest_route=\/wp\/v2\/pages\/338","targetHints":{"allow":["GET"]}}],"collection":[{"href":"https:\/\/clerewww.hauzgur.org\/index.php?rest_route=\/wp\/v2\/pages"}],"about":[{"href":"https:\/\/clerewww.hauzgur.org\/index.php?rest_route=\/wp\/v2\/types\/page"}],"author":[{"embeddable":true,"href":"https:\/\/clerewww.hauzgur.org\/index.php?rest_route=\/wp\/v2\/users\/1"}],"replies":[{"embeddable":true,"href":"https:\/\/clerewww.hauzgur.org\/index.php?rest_route=%2Fwp%2Fv2%2Fcomments&post=338"}],"version-history":[{"count":8,"href":"https:\/\/clerewww.hauzgur.org\/index.php?rest_route=\/wp\/v2\/pages\/338\/revisions"}],"predecessor-version":[{"id":350,"href":"https:\/\/clerewww.hauzgur.org\/index.php?rest_route=\/wp\/v2\/pages\/338\/revisions\/350"}],"wp:attachment":[{"href":"https:\/\/clerewww.hauzgur.org\/index.php?rest_route=%2Fwp%2Fv2%2Fmedia&parent=338"}],"curies":[{"name":"wp","href":"https:\/\/api.w.org\/{rel}","templated":true}]}}