{"id":32,"date":"2024-05-05T15:27:06","date_gmt":"2024-05-05T13:27:06","guid":{"rendered":"https:\/\/clerewww.hauzgur.org\/?page_id=32"},"modified":"2024-05-06T12:19:57","modified_gmt":"2024-05-06T10:19:57","slug":"mini-golf","status":"publish","type":"page","link":"https:\/\/clerewww.hauzgur.org\/?page_id=32","title":{"rendered":"Mini golf"},"content":{"rendered":"\n<p>Un mini golf est a disposition <\/p>\n\n\n\n<p><strong>Les clubs, balles et fiche de scores<\/strong> sont disponible <strong>gratuitement<\/strong> \u00e0 l&rsquo;accueil.<\/p>\n\n\n\n<p>pour le situer le mini golf r\u00e9f\u00e9rez vous au plan <a href=\"https:\/\/clerewww.hauzgur.org\/?page_id=62\" data-type=\"page\" data-id=\"62\">ici<\/a><\/p>\n\n\n\n<figure class=\"wp-block-image size-full\"><img loading=\"lazy\" decoding=\"async\" width=\"1024\" height=\"768\" src=\"https:\/\/clerewww.hauzgur.org\/wp-content\/uploads\/2024\/05\/Minigolf-2022.jpg\" alt=\"\" class=\"wp-image-12\" srcset=\"https:\/\/clerewww.hauzgur.org\/wp-content\/uploads\/2024\/05\/Minigolf-2022.jpg 1024w, https:\/\/clerewww.hauzgur.org\/wp-content\/uploads\/2024\/05\/Minigolf-2022-300x225.jpg 300w, https:\/\/clerewww.hauzgur.org\/wp-content\/uploads\/2024\/05\/Minigolf-2022-768x576.jpg 768w\" sizes=\"auto, (max-width: 706px) 89vw, (max-width: 767px) 82vw, 740px\" \/><\/figure>\n","protected":false},"excerpt":{"rendered":"<p>Un mini golf est a disposition Les clubs, balles et fiche de scores sont disponible gratuitement \u00e0 l&rsquo;accueil. pour le situer le mini golf r\u00e9f\u00e9rez vous au plan ici<\/p>\n","protected":false},"author":1,"featured_media":0,"parent":0,"menu_order":0,"comment_status":"closed","ping_status":"closed","template":"","meta":{"_EventAllDay":false,"_EventTimezone":"","_EventStartDate":"","_EventEndDate":"","_EventStartDateUTC":"","_EventEndDateUTC":"","_EventShowMap":false,"_EventShowMapLink":false,"_EventURL":"","_EventCost":"","_EventCostDescription":"","_EventCurrencySymbol":"","_EventCurrencyCode":"","_EventCurrencyPosition":"","_EventDateTimeSeparator":"","_EventTimeRangeSeparator":"","_EventOrganizerID":[],"_EventVenueID":[],"_OrganizerEmail":"","_OrganizerPhone":"","_OrganizerWebsite":"","_VenueAddress":"","_VenueCity":"","_VenueCountry":"","_VenueProvince":"","_VenueState":"","_VenueZip":"","_VenuePhone":"","_VenueURL":"","_VenueStateProvince":"","_VenueLat":"","_VenueLng":"","_VenueShowMap":false,"_VenueShowMapLink":false,"footnotes":""},"class_list":["post-32","page","type-page","status-publish","hentry"],"_links":{"self":[{"href":"https:\/\/clerewww.hauzgur.org\/index.php?rest_route=\/wp\/v2\/pages\/32","targetHints":{"allow":["GET"]}}],"collection":[{"href":"https:\/\/clerewww.hauzgur.org\/index.php?rest_route=\/wp\/v2\/pages"}],"about":[{"href":"https:\/\/clerewww.hauzgur.org\/index.php?rest_route=\/wp\/v2\/types\/page"}],"author":[{"embeddable":true,"href":"https:\/\/clerewww.hauzgur.org\/index.php?rest_route=\/wp\/v2\/users\/1"}],"replies":[{"embeddable":true,"href":"https:\/\/clerewww.hauzgur.org\/index.php?rest_route=%2Fwp%2Fv2%2Fcomments&post=32"}],"version-history":[{"count":4,"href":"https:\/\/clerewww.hauzgur.org\/index.php?rest_route=\/wp\/v2\/pages\/32\/revisions"}],"predecessor-version":[{"id":209,"href":"https:\/\/clerewww.hauzgur.org\/index.php?rest_route=\/wp\/v2\/pages\/32\/revisions\/209"}],"wp:attachment":[{"href":"https:\/\/clerewww.hauzgur.org\/index.php?rest_route=%2Fwp%2Fv2%2Fmedia&parent=32"}],"curies":[{"name":"wp","href":"https:\/\/api.w.org\/{rel}","templated":true}]}}